{"id":22023,"date":"2025-10-14T15:20:14","date_gmt":"2025-10-14T12:20:14","guid":{"rendered":"https:\/\/glotrade.com.tr\/?page_id=22023"},"modified":"2025-10-14T15:24:52","modified_gmt":"2025-10-14T12:24:52","slug":"mission-vision","status":"publish","type":"page","link":"https:\/\/glotrade.com.tr\/tr\/mission-vision\/","title":{"rendered":"Misyon &amp; Vizyon"},"content":{"rendered":"<div data-elementor-type=\"wp-page\" data-elementor-id=\"22023\" class=\"elementor elementor-22023\">\n\t\t\t\t\t\t<section class=\"elementor-section elementor-top-section elementor-element elementor-element-1b88e06 elementor-section-boxed elementor-section-height-default elementor-section-height-default sc_fly_static\" data-id=\"1b88e06\" data-element_type=\"section\">\n\t\t\t\t\t\t<div class=\"elementor-container elementor-column-gap-extended\">\n\t\t\t\t\t<div class=\"elementor-column elementor-col-100 elementor-top-column elementor-element elementor-element-d132b5d sc_content_align_inherit sc_layouts_column_icons_position_left sc_fly_static\" data-id=\"d132b5d\" data-element_type=\"column\">\n\t\t\t<div class=\"elementor-widget-wrap elementor-element-populated\">\n\t\t\t\t\t\t<div class=\"elementor-element elementor-element-a87cf14 sc_height_huge sc_fly_static elementor-widget elementor-widget-spacer\" data-id=\"a87cf14\" data-element_type=\"widget\" data-widget_type=\"spacer.default\">\n\t\t\t\t\t\t\t<div class=\"elementor-spacer\">\n\t\t\t<div class=\"elementor-spacer-inner\"><\/div>\n\t\t<\/div>\n\t\t\t\t\t\t<\/div>\n\t\t\t\t\t<\/div>\n\t\t<\/div>\n\t\t\t\t\t<\/div>\n\t\t<\/section>\n\t\t\t\t<section class=\"elementor-section elementor-top-section elementor-element elementor-element-d155810 elementor-section-full_width elementor-section-height-default elementor-section-height-default sc_fly_static\" data-id=\"d155810\" data-element_type=\"section\">\n\t\t\t\t\t\t<div class=\"elementor-container elementor-column-gap-no\">\n\t\t\t\t\t<div class=\"elementor-column elementor-col-100 elementor-top-column elementor-element elementor-element-da15191 sc_content_align_inherit sc_layouts_column_icons_position_left sc_fly_static\" data-id=\"da15191\" data-element_type=\"column\">\n\t\t\t<div class=\"elementor-widget-wrap elementor-element-populated\">\n\t\t\t\t\t\t<div class=\"elementor-element elementor-element-6a6b4cc elementor-widget__width-initial elementor-absolute sc_layouts_hide_on_tablet sc_layouts_hide_on_mobile sc_layouts_hide_on_notebook sc_fly_static elementor-widget elementor-widget-image\" data-id=\"6a6b4cc\" data-element_type=\"widget\" data-settings=\"{&quot;_position&quot;:&quot;absolute&quot;}\" data-widget_type=\"image.default\">\n\t\t\t\t\t\t\t\t\t\t\t\t\t\t\t<img decoding=\"async\" width=\"40\" height=\"91\" src=\"https:\/\/glotrade.com.tr\/wp-content\/uploads\/2024\/05\/confi-soft-deco-img-3.png\" class=\"attachment-full size-full wp-image-18327\" alt=\"\" \/>\t\t\t\t\t\t\t\t\t\t\t\t\t\t\t<\/div>\n\t\t\t\t<section class=\"elementor-section elementor-inner-section elementor-element elementor-element-0e8804d elementor-section-boxed elementor-section-height-default elementor-section-height-default sc_fly_static\" data-id=\"0e8804d\" data-element_type=\"section\">\n\t\t\t\t\t\t<div class=\"elementor-container elementor-column-gap-extended\">\n\t\t\t\t\t<div class=\"elementor-column elementor-col-100 elementor-inner-column elementor-element elementor-element-50696ca sc_layouts_column_align_center sc_layouts_column sc_content_align_inherit sc_layouts_column_icons_position_left sc_fly_static\" data-id=\"50696ca\" data-element_type=\"column\">\n\t\t\t<div class=\"elementor-widget-wrap elementor-element-populated\">\n\t\t\t\t\t\t<div data-animation-type=\"sequental\" data-animation-stagger=\"\" class=\"elementor-element elementor-element-d5de5cc animation_type_sequental sc_fly_static elementor-invisible elementor-widget elementor-widget-trx_sc_icons\" data-id=\"d5de5cc\" data-element_type=\"widget\" data-settings=\"{&quot;_animation&quot;:&quot;confidant-fadeinup&quot;,&quot;_animation_delay&quot;:100}\" data-widget_type=\"trx_sc_icons.default\">\n\t\t\t\t<div class=\"elementor-widget-container\">\n\t\t\t\t\t<div \tclass=\"sc_icons sc_icons_decoration sc_icons_size_medium sc_align_center\" ><div class=\"sc_icons_columns_wrap sc_item_columns trx_addons_columns_wrap columns_padding_bottom columns_in_single_row\" ><div class=\"trx_addons_column-1_2\"><div class=\"sc_icons_item\"><div class=\"sc_icons_icon sc_icon_type_ icon-target-2\" ><span class=\"sc_icon_type_ icon-target-2\"><\/span><\/div><div class=\"sc_icons_item_details\"><h4 class=\"sc_icons_item_title\"><span>Vizyonumuz<\/span><\/h4><div class=\"sc_icons_item_description\"><span><br><\/span><span>Uluslararas\u0131 ticarette \u00f6rnek, g\u00fcvenilir ve \u00f6nc\u00fc bir marka olmak; T\u00fcrk ihracat\u00e7\u0131s\u0131n\u0131n g\u00fcc\u00fcn\u00fc k\u00fcresel arenaya ta\u015f\u0131mak ve i\u015f ortaklar\u0131m\u0131z i\u00e7in de\u011fer yaratan bir model olu\u015fturmak.<\/span><span><\/span><\/div><\/div><\/div><\/div><div class=\"trx_addons_column-1_2\"><div class=\"sc_icons_item\"><div class=\"sc_icons_icon sc_icon_type_ icon-startup\" ><span class=\"sc_icon_type_ icon-startup\"><\/span><\/div><div class=\"sc_icons_item_details\"><h4 class=\"sc_icons_item_title\"><span>Misyonumuz<\/span><\/h4><div class=\"sc_icons_item_description\"><span><br><\/span><span>Temel misyonumuz, her ad\u0131mda i\u015f ortaklar\u0131m\u0131z\u0131n \u00e7\u0131karlar\u0131n\u0131 \u00f6n planda tutmak; d\u0131\u015f ticaret s\u00fcre\u00e7lerini g\u00fcven, h\u0131z ve \u015feffafl\u0131kla y\u00f6netmek; ihracat ve finansal operasyonlarda en do\u011fru \u00e7\u00f6z\u00fcmleri sunmak; dijitalle\u015fme ve s\u00fcrd\u00fcr\u00fclebilirlik odakl\u0131 uygulamalarla gelece\u011fe haz\u0131rlanmak; sundu\u011fumuz her hizmetin gelecekteki ba\u015far\u0131m\u0131z\u0131n temeli oldu\u011fu bilinciyle hareket etmektir. Glotrade, bug\u00fcn sundu\u011fu g\u00fcven odakl\u0131 ve y\u00fcksek kaliteli hizmetlerle yaln\u0131zca bug\u00fcn\u00fc de\u011fil, yar\u0131n\u0131 da \u015fekillendirmeyi hedeflemektedir.<\/span><\/div><\/div><\/div><\/div><\/div><\/div><!-- \/.sc_icons -->\t\t\t\t<\/div>\n\t\t\t\t<\/div>\n\t\t\t\t\t<\/div>\n\t\t<\/div>\n\t\t\t\t\t<\/div>\n\t\t<\/section>\n\t\t\t\t\t<\/div>\n\t\t<\/div>\n\t\t\t\t\t<\/div>\n\t\t<\/section>\n\t\t\t\t<section class=\"elementor-section elementor-top-section elementor-element elementor-element-2424432 scheme_light elementor-section-boxed elementor-section-height-default elementor-section-height-default sc_fly_static\" data-id=\"2424432\" data-element_type=\"section\" data-settings=\"{&quot;background_background&quot;:&quot;classic&quot;}\">\n\t\t\t\t\t\t<div class=\"elementor-container elementor-column-gap-extended\">\n\t\t\t\t\t<div class=\"elementor-column elementor-col-100 elementor-top-column elementor-element elementor-element-461d4d5 sc_content_align_inherit sc_layouts_column_icons_position_left sc_fly_static\" data-id=\"461d4d5\" data-element_type=\"column\">\n\t\t\t<div class=\"elementor-widget-wrap elementor-element-populated\">\n\t\t\t\t\t\t<div class=\"elementor-element elementor-element-c50ff54 sc_height_large sc_fly_static elementor-widget elementor-widget-spacer\" data-id=\"c50ff54\" data-element_type=\"widget\" data-widget_type=\"spacer.default\">\n\t\t\t\t\t\t\t<div class=\"elementor-spacer\">\n\t\t\t<div class=\"elementor-spacer-inner\"><\/div>\n\t\t<\/div>\n\t\t\t\t\t\t<\/div>\n\t\t\t\t\t<\/div>\n\t\t<\/div>\n\t\t\t\t\t<\/div>\n\t\t<\/section>\n\t\t\t\t<\/div>","protected":false},"excerpt":{"rendered":"<p>Our Vision To be an exemplary, reliable, and pioneering brand in international trade; to bring the strength of Turkish exporters to the global stage and create a value-generating model for&hellip;<\/p>","protected":false},"author":1,"featured_media":0,"parent":0,"menu_order":0,"comment_status":"closed","ping_status":"closed","template":"","meta":{"footnotes":""},"class_list":["post-22023","page","type-page","status-publish","hentry"],"yoast_head":"<!-- This site is optimized with the Yoast SEO plugin v26.1.1 - https:\/\/yoast.com\/wordpress\/plugins\/seo\/ -->\n<title>Mission &amp; Vision - Glotrade<\/title>\n<meta name=\"robots\" content=\"index, follow, max-snippet:-1, max-image-preview:large, max-video-preview:-1\" \/>\n<link rel=\"canonical\" href=\"https:\/\/glotrade.com.tr\/tr\/mission-vision\/\" \/>\n<meta property=\"og:locale\" content=\"tr_TR\" \/>\n<meta property=\"og:type\" content=\"article\" \/>\n<meta property=\"og:title\" content=\"Mission &amp; Vision - Glotrade\" \/>\n<meta property=\"og:description\" content=\"Our Vision To be an exemplary, reliable, and pioneering brand in international trade; to bring the strength of Turkish exporters to the global stage and create a value-generating model for&hellip;\" \/>\n<meta property=\"og:url\" content=\"https:\/\/glotrade.com.tr\/tr\/mission-vision\/\" \/>\n<meta property=\"og:site_name\" content=\"Glotrade\" \/>\n<meta property=\"article:modified_time\" content=\"2025-10-14T12:24:52+00:00\" \/>\n<meta property=\"og:image\" content=\"https:\/\/glotrade.com.tr\/wp-content\/uploads\/2024\/05\/confi-soft-deco-img-3.png\" \/>\n\t<meta property=\"og:image:width\" content=\"40\" \/>\n\t<meta property=\"og:image:height\" content=\"91\" \/>\n\t<meta property=\"og:image:type\" content=\"image\/png\" \/>\n<meta name=\"twitter:card\" content=\"summary_large_image\" \/>\n<meta name=\"twitter:label1\" content=\"Tahmini okuma s\u00fcresi\" \/>\n\t<meta name=\"twitter:data1\" content=\"1 dakika\" \/>\n<script type=\"application\/ld+json\" class=\"yoast-schema-graph\">{\"@context\":\"https:\/\/schema.org\",\"@graph\":[{\"@type\":\"WebPage\",\"@id\":\"https:\/\/glotrade.com.tr\/mission-vision\/\",\"url\":\"https:\/\/glotrade.com.tr\/mission-vision\/\",\"name\":\"Mission & Vision - Glotrade\",\"isPartOf\":{\"@id\":\"https:\/\/glotrade.com.tr\/#website\"},\"primaryImageOfPage\":{\"@id\":\"https:\/\/glotrade.com.tr\/mission-vision\/#primaryimage\"},\"image\":{\"@id\":\"https:\/\/glotrade.com.tr\/mission-vision\/#primaryimage\"},\"thumbnailUrl\":\"https:\/\/glotrade.com.tr\/wp-content\/uploads\/2024\/05\/confi-soft-deco-img-3.png\",\"datePublished\":\"2025-10-14T12:20:14+00:00\",\"dateModified\":\"2025-10-14T12:24:52+00:00\",\"breadcrumb\":{\"@id\":\"https:\/\/glotrade.com.tr\/mission-vision\/#breadcrumb\"},\"inLanguage\":\"tr\",\"potentialAction\":[{\"@type\":\"ReadAction\",\"target\":[\"https:\/\/glotrade.com.tr\/mission-vision\/\"]}]},{\"@type\":\"ImageObject\",\"inLanguage\":\"tr\",\"@id\":\"https:\/\/glotrade.com.tr\/mission-vision\/#primaryimage\",\"url\":\"https:\/\/glotrade.com.tr\/wp-content\/uploads\/2024\/05\/confi-soft-deco-img-3.png\",\"contentUrl\":\"https:\/\/glotrade.com.tr\/wp-content\/uploads\/2024\/05\/confi-soft-deco-img-3.png\"},{\"@type\":\"BreadcrumbList\",\"@id\":\"https:\/\/glotrade.com.tr\/mission-vision\/#breadcrumb\",\"itemListElement\":[{\"@type\":\"ListItem\",\"position\":1,\"name\":\"Anasayfa\",\"item\":\"https:\/\/glotrade.com.tr\/\"},{\"@type\":\"ListItem\",\"position\":2,\"name\":\"Mission &#038; Vision\"}]},{\"@type\":\"WebSite\",\"@id\":\"https:\/\/glotrade.com.tr\/#website\",\"url\":\"https:\/\/glotrade.com.tr\/\",\"name\":\"Glotrade\",\"description\":\"International Trade Partner for Europe, Middle East &amp; Asia\",\"publisher\":{\"@id\":\"https:\/\/glotrade.com.tr\/#organization\"},\"potentialAction\":[{\"@type\":\"SearchAction\",\"target\":{\"@type\":\"EntryPoint\",\"urlTemplate\":\"https:\/\/glotrade.com.tr\/?s={search_term_string}\"},\"query-input\":{\"@type\":\"PropertyValueSpecification\",\"valueRequired\":true,\"valueName\":\"search_term_string\"}}],\"inLanguage\":\"tr\"},{\"@type\":\"Organization\",\"@id\":\"https:\/\/glotrade.com.tr\/#organization\",\"name\":\"Glotrade\",\"url\":\"https:\/\/glotrade.com.tr\/\",\"logo\":{\"@type\":\"ImageObject\",\"inLanguage\":\"tr\",\"@id\":\"https:\/\/glotrade.com.tr\/#\/schema\/logo\/image\/\",\"url\":\"https:\/\/glotrade.com.tr\/wp-content\/uploads\/2025\/10\/glotrade-logo-1.png\",\"contentUrl\":\"https:\/\/glotrade.com.tr\/wp-content\/uploads\/2025\/10\/glotrade-logo-1.png\",\"width\":912,\"height\":728,\"caption\":\"Glotrade\"},\"image\":{\"@id\":\"https:\/\/glotrade.com.tr\/#\/schema\/logo\/image\/\"}}]}<\/script>\n<!-- \/ Yoast SEO plugin. -->","yoast_head_json":{"title":"Mission & Vision - Glotrade","robots":{"index":"index","follow":"follow","max-snippet":"max-snippet:-1","max-image-preview":"max-image-preview:large","max-video-preview":"max-video-preview:-1"},"canonical":"https:\/\/glotrade.com.tr\/tr\/mission-vision\/","og_locale":"tr_TR","og_type":"article","og_title":"Mission & Vision - Glotrade","og_description":"Our Vision To be an exemplary, reliable, and pioneering brand in international trade; to bring the strength of Turkish exporters to the global stage and create a value-generating model for&hellip;","og_url":"https:\/\/glotrade.com.tr\/tr\/mission-vision\/","og_site_name":"Glotrade","article_modified_time":"2025-10-14T12:24:52+00:00","og_image":[{"width":40,"height":91,"url":"https:\/\/glotrade.com.tr\/wp-content\/uploads\/2024\/05\/confi-soft-deco-img-3.png","type":"image\/png"}],"twitter_card":"summary_large_image","twitter_misc":{"Tahmini okuma s\u00fcresi":"1 dakika"},"schema":{"@context":"https:\/\/schema.org","@graph":[{"@type":"WebPage","@id":"https:\/\/glotrade.com.tr\/mission-vision\/","url":"https:\/\/glotrade.com.tr\/mission-vision\/","name":"Mission & Vision - Glotrade","isPartOf":{"@id":"https:\/\/glotrade.com.tr\/#website"},"primaryImageOfPage":{"@id":"https:\/\/glotrade.com.tr\/mission-vision\/#primaryimage"},"image":{"@id":"https:\/\/glotrade.com.tr\/mission-vision\/#primaryimage"},"thumbnailUrl":"https:\/\/glotrade.com.tr\/wp-content\/uploads\/2024\/05\/confi-soft-deco-img-3.png","datePublished":"2025-10-14T12:20:14+00:00","dateModified":"2025-10-14T12:24:52+00:00","breadcrumb":{"@id":"https:\/\/glotrade.com.tr\/mission-vision\/#breadcrumb"},"inLanguage":"tr","potentialAction":[{"@type":"ReadAction","target":["https:\/\/glotrade.com.tr\/mission-vision\/"]}]},{"@type":"ImageObject","inLanguage":"tr","@id":"https:\/\/glotrade.com.tr\/mission-vision\/#primaryimage","url":"https:\/\/glotrade.com.tr\/wp-content\/uploads\/2024\/05\/confi-soft-deco-img-3.png","contentUrl":"https:\/\/glotrade.com.tr\/wp-content\/uploads\/2024\/05\/confi-soft-deco-img-3.png"},{"@type":"BreadcrumbList","@id":"https:\/\/glotrade.com.tr\/mission-vision\/#breadcrumb","itemListElement":[{"@type":"ListItem","position":1,"name":"Anasayfa","item":"https:\/\/glotrade.com.tr\/"},{"@type":"ListItem","position":2,"name":"Mission &#038; Vision"}]},{"@type":"WebSite","@id":"https:\/\/glotrade.com.tr\/#website","url":"https:\/\/glotrade.com.tr\/","name":"Glotrade","description":"International Trade Partner for Europe, Middle East &amp; Asia","publisher":{"@id":"https:\/\/glotrade.com.tr\/#organization"},"potentialAction":[{"@type":"SearchAction","target":{"@type":"EntryPoint","urlTemplate":"https:\/\/glotrade.com.tr\/?s={search_term_string}"},"query-input":{"@type":"PropertyValueSpecification","valueRequired":true,"valueName":"search_term_string"}}],"inLanguage":"tr"},{"@type":"Organization","@id":"https:\/\/glotrade.com.tr\/#organization","name":"Glotrade","url":"https:\/\/glotrade.com.tr\/","logo":{"@type":"ImageObject","inLanguage":"tr","@id":"https:\/\/glotrade.com.tr\/#\/schema\/logo\/image\/","url":"https:\/\/glotrade.com.tr\/wp-content\/uploads\/2025\/10\/glotrade-logo-1.png","contentUrl":"https:\/\/glotrade.com.tr\/wp-content\/uploads\/2025\/10\/glotrade-logo-1.png","width":912,"height":728,"caption":"Glotrade"},"image":{"@id":"https:\/\/glotrade.com.tr\/#\/schema\/logo\/image\/"}}]}},"_links":{"self":[{"href":"https:\/\/glotrade.com.tr\/tr\/wp-json\/wp\/v2\/pages\/22023","targetHints":{"allow":["GET"]}}],"collection":[{"href":"https:\/\/glotrade.com.tr\/tr\/wp-json\/wp\/v2\/pages"}],"about":[{"href":"https:\/\/glotrade.com.tr\/tr\/wp-json\/wp\/v2\/types\/page"}],"author":[{"embeddable":true,"href":"https:\/\/glotrade.com.tr\/tr\/wp-json\/wp\/v2\/users\/1"}],"replies":[{"embeddable":true,"href":"https:\/\/glotrade.com.tr\/tr\/wp-json\/wp\/v2\/comments?post=22023"}],"version-history":[{"count":13,"href":"https:\/\/glotrade.com.tr\/tr\/wp-json\/wp\/v2\/pages\/22023\/revisions"}],"predecessor-version":[{"id":22037,"href":"https:\/\/glotrade.com.tr\/tr\/wp-json\/wp\/v2\/pages\/22023\/revisions\/22037"}],"wp:attachment":[{"href":"https:\/\/glotrade.com.tr\/tr\/wp-json\/wp\/v2\/media?parent=22023"}],"curies":[{"name":"wp","href":"https:\/\/api.w.org\/{rel}","templated":true}]}}