{"id":21793,"date":"2025-10-14T11:53:06","date_gmt":"2025-10-14T08:53:06","guid":{"rendered":"https:\/\/glotrade.com.tr\/?page_id=21793"},"modified":"2025-10-14T11:54:31","modified_gmt":"2025-10-14T08:54:31","slug":"cookie-policy","status":"publish","type":"page","link":"https:\/\/glotrade.com.tr\/tr\/cookie-policy\/","title":{"rendered":"\u00c7erez Politikas\u0131"},"content":{"rendered":"<div data-elementor-type=\"wp-page\" data-elementor-id=\"21793\" class=\"elementor elementor-21793\">\n\t\t\t\t\t\t<section class=\"elementor-section elementor-top-section elementor-element elementor-element-2b1184b0 elementor-section-boxed elementor-section-height-default elementor-section-height-default sc_fly_static\" data-id=\"2b1184b0\" data-element_type=\"section\" data-settings=\"{&quot;background_background&quot;:&quot;classic&quot;}\">\n\t\t\t\t\t\t<div class=\"elementor-container elementor-column-gap-extended\">\n\t\t\t\t\t<div class=\"elementor-column elementor-col-100 elementor-top-column elementor-element elementor-element-153e1c19 sc_content_align_inherit sc_layouts_column_icons_position_left sc_fly_static\" data-id=\"153e1c19\" data-element_type=\"column\">\n\t\t\t<div class=\"elementor-widget-wrap elementor-element-populated\">\n\t\t\t\t\t\t<div class=\"elementor-element elementor-element-54db29de sc_fly_static elementor-widget elementor-widget-text-editor\" data-id=\"54db29de\" data-element_type=\"widget\" data-widget_type=\"text-editor.default\">\n\t\t\t\t\t\t\t\t\t<p>Web sitemizi her ziyaret etti\u011finizde, web sitemizi kullan\u0131\u015fl\u0131, etkili ve g\u00fcvenli hale getirmek ve size daha iyi hizmet sunmak amac\u0131yla, bizim ad\u0131m\u0131za ve hesab\u0131m\u0131za faaliyet g\u00f6steren \u00fc\u00e7\u00fcnc\u00fc taraflarca \u00e7e\u015fitli veri toplama ara\u00e7lar\u0131 veya ilgili teknolojiler kullan\u0131larak eri\u015fiminizi ve kullan\u0131m\u0131n\u0131z\u0131 g\u00f6steren bilgiler toplan\u0131r.<\/p><p><strong>\u00c7erez Nedir?\u00a0<\/strong><\/p><p>\u00c7erezler, genellikle harf ve say\u0131lardan olu\u015fan ve bir web sayfas\u0131 ziyaret edildi\u011finde kullan\u0131c\u0131lar\u0131n taray\u0131c\u0131lar\u0131nda saklanan \u00e7ok k\u00fc\u00e7\u00fck metin dosyalar\u0131d\u0131r. Kullan\u0131c\u0131lar\u0131n web sitelerinde ne arad\u0131klar\u0131n\u0131 taray\u0131c\u0131 ge\u00e7mi\u015finde kaydeder. Bir web sitesinin, kullan\u0131c\u0131lar\u0131n hareketlerinin taray\u0131c\u0131 kay\u0131tlar\u0131n\u0131 tutarak siteyi kullanmas\u0131n\u0131 sa\u011flar. \u00c7erezler, ayn\u0131 ziyaret\u00e7inin siteyi tekrar ziyaret etti\u011fini g\u00f6steren kimlik kartlar\u0131na benzetilebilir. \u00c7erezler, ziyaret\u00e7ilerin ad\u0131, cinsiyeti veya adresi gibi ki\u015fisel verilerini i\u00e7ermez. \u00c7erezler hakk\u0131nda daha detayl\u0131 bilgi i\u00e7in www.aboutcookies.org ve www.allaboutcookies.org adreslerini ziyaret edebilirsiniz.<\/p><p><strong>\u00c7erez T\u00fcrleri ve Kullan\u0131m Ama\u00e7lar\u0131\u00a0<\/strong><\/p><p>Site sahibi taraf\u0131ndan y\u00f6netilen \u00e7erezlere Web Sitesi \u00c7erezleri denir. Bunun d\u0131\u015f\u0131nda, farkl\u0131 \u015firketler taraf\u0131ndan y\u00f6netilen \u00fc\u00e7\u00fcnc\u00fc taraf \u00c7erezleri de kullan\u0131labilir. Oturum \u00c7erezleri, ziyaret\u00e7i web sitesinden ayr\u0131ld\u0131\u011f\u0131nda silinirken, kal\u0131c\u0131 \u00c7erezler ziyaret\u00e7ilerin cihazlar\u0131nda de\u011fi\u015fen s\u00fcrelerle kal\u0131r. Teknik \u00c7erezler, Do\u011frulama \u00c7erezleri, Hedefleme\/Reklam \u00c7erezleri, Ki\u015fiselle\u015ftirme \u00c7erezleri ve Analitik \u00c7erezler, kullan\u0131m amac\u0131na g\u00f6re de\u011fi\u015febilen \u00c7erezlerdir. \u00c7erezler, web sitesinin \u00e7al\u0131\u015fmas\u0131 i\u00e7in gerekli temel i\u015flevleri yerine getirmek, web sitesini analiz etmek ve performans\u0131n\u0131 art\u0131rmak, web sitesinin i\u015flevselli\u011fini art\u0131rmak ve kullan\u0131m kolayl\u0131\u011f\u0131 sa\u011flamak, ki\u015fiselle\u015ftirme, hedefleme ve reklamc\u0131l\u0131k faaliyetleri ger\u00e7ekle\u015ftirmek i\u00e7in kullan\u0131labilir.<\/p><p><strong>\u00c7erez Tercihlerini Y\u00f6netme<\/strong><\/p><p>Rund-A Web Sitemizi kullan\u0131rken hangi ki\u015fisel verilerinizin toplanaca\u011f\u0131na ili\u015fkin tercihleriniz bizim i\u00e7in son derece \u00f6nemlidir. Ancak, Web Sitesi'nin \u00e7al\u0131\u015fmas\u0131 i\u00e7in zorunlu olan \u00c7erezler ile ilgili tercihleri \u200b\u200by\u00f6netmek m\u00fcmk\u00fcn de\u011fildir. Ayr\u0131ca, baz\u0131 \u00c7erezler devre d\u0131\u015f\u0131 b\u0131rak\u0131ld\u0131\u011f\u0131nda Web Sitesi'nin \u00e7e\u015fitli i\u015flevlerinin \u00e7al\u0131\u015fmayabilece\u011fini hat\u0131rlatmak isteriz. Web Sitemizi kullan\u0131rken Web Sitemizdeki \u00c7erezler ile ilgili tercihleri \u200b\u200bnas\u0131l y\u00f6netebilece\u011finize dair bilgiler a\u015fa\u011f\u0131daki gibidir: Web Sitemizi g\u00f6r\u00fcnt\u00fclemek i\u00e7in kulland\u0131\u011f\u0131n\u0131z taray\u0131c\u0131n\u0131n ayarlar\u0131n\u0131 de\u011fi\u015ftirerek tercihlerinizi ki\u015fiselle\u015ftirme hakk\u0131na sahipsiniz. Kulland\u0131\u011f\u0131n\u0131z taray\u0131c\u0131 bu se\u00e7ene\u011fi sunuyorsa, taray\u0131c\u0131 ayarlar\u0131n\u0131z arac\u0131l\u0131\u011f\u0131yla \u00c7erezler ile ilgili tercihleri \u200b\u200bde\u011fi\u015ftirmeniz m\u00fcmk\u00fcnd\u00fcr. Dolay\u0131s\u0131yla, taray\u0131c\u0131n\u0131n sundu\u011fu olanaklara ba\u011fl\u0131 olarak de\u011fi\u015febilmekle birlikte, veri sahipleri \u00c7erez kullan\u0131m\u0131n\u0131 engelleme, bir \u00c7erez kullan\u0131lmadan \u00f6nce uyar\u0131 almay\u0131 tercih etme veya yaln\u0131zca belirli \u00c7erezleri devre d\u0131\u015f\u0131 b\u0131rakma veya silme olana\u011f\u0131na sahiptir. Bu konudaki tercihler kulland\u0131\u011f\u0131n\u0131z taray\u0131c\u0131ya ba\u011fl\u0131 olarak de\u011fi\u015fmekte olup, genel a\u00e7\u0131klamaya https:\/\/www.aboutcookies.org\/ adresinden ula\u015fabilirsiniz. \u00c7erezlere ili\u015fkin tercihlerinizin, Web Sitemize eri\u015fim sa\u011flamak i\u00e7in kulland\u0131\u011f\u0131n\u0131z her cihaz i\u00e7in ayr\u0131 ayr\u0131 yap\u0131lmas\u0131 gerekebilir.<\/p>\t\t\t\t\t\t\t\t<\/div>\n\t\t\t\t\t<\/div>\n\t\t<\/div>\n\t\t\t\t\t<\/div>\n\t\t<\/section>\n\t\t\t\t<\/div>","protected":false},"excerpt":{"rendered":"<p>Each time you visit our website, information showing your access and usage is collected using various data acquisition tools or relevant technologies by third parties operating on our behalf and&hellip;<\/p>","protected":false},"author":1,"featured_media":0,"parent":0,"menu_order":0,"comment_status":"closed","ping_status":"closed","template":"","meta":{"footnotes":""},"class_list":["post-21793","page","type-page","status-publish","hentry"],"yoast_head":"<!-- This site is optimized with the Yoast SEO plugin v26.1.1 - https:\/\/yoast.com\/wordpress\/plugins\/seo\/ -->\n<title>Cookie Policy - Glotrade<\/title>\n<meta name=\"robots\" content=\"index, follow, max-snippet:-1, max-image-preview:large, max-video-preview:-1\" \/>\n<link rel=\"canonical\" href=\"https:\/\/glotrade.com.tr\/tr\/cookie-policy\/\" \/>\n<meta property=\"og:locale\" content=\"tr_TR\" \/>\n<meta property=\"og:type\" content=\"article\" \/>\n<meta property=\"og:title\" content=\"Cookie Policy - Glotrade\" \/>\n<meta property=\"og:description\" content=\"Each time you visit our website, information showing your access and usage is collected using various data acquisition tools or relevant technologies by third parties operating on our behalf and&hellip;\" \/>\n<meta property=\"og:url\" content=\"https:\/\/glotrade.com.tr\/tr\/cookie-policy\/\" \/>\n<meta property=\"og:site_name\" content=\"Glotrade\" \/>\n<meta property=\"article:modified_time\" content=\"2025-10-14T08:54:31+00:00\" \/>\n<meta name=\"twitter:card\" content=\"summary_large_image\" \/>\n<meta name=\"twitter:label1\" content=\"Tahmini okuma s\u00fcresi\" \/>\n\t<meta name=\"twitter:data1\" content=\"1 dakika\" \/>\n<script type=\"application\/ld+json\" class=\"yoast-schema-graph\">{\"@context\":\"https:\/\/schema.org\",\"@graph\":[{\"@type\":\"WebPage\",\"@id\":\"https:\/\/glotrade.com.tr\/cookie-policy\/\",\"url\":\"https:\/\/glotrade.com.tr\/cookie-policy\/\",\"name\":\"Cookie Policy - Glotrade\",\"isPartOf\":{\"@id\":\"https:\/\/glotrade.com.tr\/#website\"},\"datePublished\":\"2025-10-14T08:53:06+00:00\",\"dateModified\":\"2025-10-14T08:54:31+00:00\",\"breadcrumb\":{\"@id\":\"https:\/\/glotrade.com.tr\/cookie-policy\/#breadcrumb\"},\"inLanguage\":\"tr\",\"potentialAction\":[{\"@type\":\"ReadAction\",\"target\":[\"https:\/\/glotrade.com.tr\/cookie-policy\/\"]}]},{\"@type\":\"BreadcrumbList\",\"@id\":\"https:\/\/glotrade.com.tr\/cookie-policy\/#breadcrumb\",\"itemListElement\":[{\"@type\":\"ListItem\",\"position\":1,\"name\":\"Anasayfa\",\"item\":\"https:\/\/glotrade.com.tr\/\"},{\"@type\":\"ListItem\",\"position\":2,\"name\":\"Cookie Policy\"}]},{\"@type\":\"WebSite\",\"@id\":\"https:\/\/glotrade.com.tr\/#website\",\"url\":\"https:\/\/glotrade.com.tr\/\",\"name\":\"Glotrade\",\"description\":\"International Trade Partner for Europe, Middle East &amp; Asia\",\"publisher\":{\"@id\":\"https:\/\/glotrade.com.tr\/#organization\"},\"potentialAction\":[{\"@type\":\"SearchAction\",\"target\":{\"@type\":\"EntryPoint\",\"urlTemplate\":\"https:\/\/glotrade.com.tr\/?s={search_term_string}\"},\"query-input\":{\"@type\":\"PropertyValueSpecification\",\"valueRequired\":true,\"valueName\":\"search_term_string\"}}],\"inLanguage\":\"tr\"},{\"@type\":\"Organization\",\"@id\":\"https:\/\/glotrade.com.tr\/#organization\",\"name\":\"Glotrade\",\"url\":\"https:\/\/glotrade.com.tr\/\",\"logo\":{\"@type\":\"ImageObject\",\"inLanguage\":\"tr\",\"@id\":\"https:\/\/glotrade.com.tr\/#\/schema\/logo\/image\/\",\"url\":\"https:\/\/glotrade.com.tr\/wp-content\/uploads\/2025\/10\/glotrade-logo-1.png\",\"contentUrl\":\"https:\/\/glotrade.com.tr\/wp-content\/uploads\/2025\/10\/glotrade-logo-1.png\",\"width\":912,\"height\":728,\"caption\":\"Glotrade\"},\"image\":{\"@id\":\"https:\/\/glotrade.com.tr\/#\/schema\/logo\/image\/\"}}]}<\/script>\n<!-- \/ Yoast SEO plugin. -->","yoast_head_json":{"title":"Cookie Policy - Glotrade","robots":{"index":"index","follow":"follow","max-snippet":"max-snippet:-1","max-image-preview":"max-image-preview:large","max-video-preview":"max-video-preview:-1"},"canonical":"https:\/\/glotrade.com.tr\/tr\/cookie-policy\/","og_locale":"tr_TR","og_type":"article","og_title":"Cookie Policy - Glotrade","og_description":"Each time you visit our website, information showing your access and usage is collected using various data acquisition tools or relevant technologies by third parties operating on our behalf and&hellip;","og_url":"https:\/\/glotrade.com.tr\/tr\/cookie-policy\/","og_site_name":"Glotrade","article_modified_time":"2025-10-14T08:54:31+00:00","twitter_card":"summary_large_image","twitter_misc":{"Tahmini okuma s\u00fcresi":"1 dakika"},"schema":{"@context":"https:\/\/schema.org","@graph":[{"@type":"WebPage","@id":"https:\/\/glotrade.com.tr\/cookie-policy\/","url":"https:\/\/glotrade.com.tr\/cookie-policy\/","name":"Cookie Policy - Glotrade","isPartOf":{"@id":"https:\/\/glotrade.com.tr\/#website"},"datePublished":"2025-10-14T08:53:06+00:00","dateModified":"2025-10-14T08:54:31+00:00","breadcrumb":{"@id":"https:\/\/glotrade.com.tr\/cookie-policy\/#breadcrumb"},"inLanguage":"tr","potentialAction":[{"@type":"ReadAction","target":["https:\/\/glotrade.com.tr\/cookie-policy\/"]}]},{"@type":"BreadcrumbList","@id":"https:\/\/glotrade.com.tr\/cookie-policy\/#breadcrumb","itemListElement":[{"@type":"ListItem","position":1,"name":"Anasayfa","item":"https:\/\/glotrade.com.tr\/"},{"@type":"ListItem","position":2,"name":"Cookie Policy"}]},{"@type":"WebSite","@id":"https:\/\/glotrade.com.tr\/#website","url":"https:\/\/glotrade.com.tr\/","name":"Glotrade","description":"International Trade Partner for Europe, Middle East &amp; Asia","publisher":{"@id":"https:\/\/glotrade.com.tr\/#organization"},"potentialAction":[{"@type":"SearchAction","target":{"@type":"EntryPoint","urlTemplate":"https:\/\/glotrade.com.tr\/?s={search_term_string}"},"query-input":{"@type":"PropertyValueSpecification","valueRequired":true,"valueName":"search_term_string"}}],"inLanguage":"tr"},{"@type":"Organization","@id":"https:\/\/glotrade.com.tr\/#organization","name":"Glotrade","url":"https:\/\/glotrade.com.tr\/","logo":{"@type":"ImageObject","inLanguage":"tr","@id":"https:\/\/glotrade.com.tr\/#\/schema\/logo\/image\/","url":"https:\/\/glotrade.com.tr\/wp-content\/uploads\/2025\/10\/glotrade-logo-1.png","contentUrl":"https:\/\/glotrade.com.tr\/wp-content\/uploads\/2025\/10\/glotrade-logo-1.png","width":912,"height":728,"caption":"Glotrade"},"image":{"@id":"https:\/\/glotrade.com.tr\/#\/schema\/logo\/image\/"}}]}},"_links":{"self":[{"href":"https:\/\/glotrade.com.tr\/tr\/wp-json\/wp\/v2\/pages\/21793","targetHints":{"allow":["GET"]}}],"collection":[{"href":"https:\/\/glotrade.com.tr\/tr\/wp-json\/wp\/v2\/pages"}],"about":[{"href":"https:\/\/glotrade.com.tr\/tr\/wp-json\/wp\/v2\/types\/page"}],"author":[{"embeddable":true,"href":"https:\/\/glotrade.com.tr\/tr\/wp-json\/wp\/v2\/users\/1"}],"replies":[{"embeddable":true,"href":"https:\/\/glotrade.com.tr\/tr\/wp-json\/wp\/v2\/comments?post=21793"}],"version-history":[{"count":4,"href":"https:\/\/glotrade.com.tr\/tr\/wp-json\/wp\/v2\/pages\/21793\/revisions"}],"predecessor-version":[{"id":21801,"href":"https:\/\/glotrade.com.tr\/tr\/wp-json\/wp\/v2\/pages\/21793\/revisions\/21801"}],"wp:attachment":[{"href":"https:\/\/glotrade.com.tr\/tr\/wp-json\/wp\/v2\/media?parent=21793"}],"curies":[{"name":"wp","href":"https:\/\/api.w.org\/{rel}","templated":true}]}}