{"id":21792,"date":"2025-10-14T11:53:20","date_gmt":"2025-10-14T08:53:20","guid":{"rendered":"https:\/\/glotrade.com.tr\/?page_id=21792"},"modified":"2025-10-14T11:54:19","modified_gmt":"2025-10-14T08:54:19","slug":"kvkk-notification","status":"publish","type":"page","link":"https:\/\/glotrade.com.tr\/tr\/kvkk-notification\/","title":{"rendered":"KVKK Bilgilendirme"},"content":{"rendered":"<div data-elementor-type=\"wp-page\" data-elementor-id=\"21792\" class=\"elementor elementor-21792\">\n\t\t\t\t\t\t<section class=\"elementor-section elementor-top-section elementor-element elementor-element-2b1184b0 elementor-section-boxed elementor-section-height-default elementor-section-height-default sc_fly_static\" data-id=\"2b1184b0\" data-element_type=\"section\" data-settings=\"{&quot;background_background&quot;:&quot;classic&quot;}\">\n\t\t\t\t\t\t<div class=\"elementor-container elementor-column-gap-extended\">\n\t\t\t\t\t<div class=\"elementor-column elementor-col-100 elementor-top-column elementor-element elementor-element-153e1c19 sc_content_align_inherit sc_layouts_column_icons_position_left sc_fly_static\" data-id=\"153e1c19\" data-element_type=\"column\">\n\t\t\t<div class=\"elementor-widget-wrap elementor-element-populated\">\n\t\t\t\t\t\t<div class=\"elementor-element elementor-element-54db29de sc_fly_static elementor-widget elementor-widget-text-editor\" data-id=\"54db29de\" data-element_type=\"widget\" data-widget_type=\"text-editor.default\">\n\t\t\t\t\t\t\t\t\t<p>glotrade.com.tr olarak, \u00f6zel hayat\u0131n gizlili\u011fi ve ki\u015filerin temel hak ve \u00f6zg\u00fcrl\u00fcklerinin korunmas\u0131 ilkesi gere\u011fince, ki\u015fisel verilerinizin saklanmas\u0131, i\u015flenmesi ve aktar\u0131lmas\u0131 a\u015famalar\u0131nda Veri Sorumlusu s\u0131fat\u0131yla gerekli tedbirleri almaktay\u0131z.<\/p><p>Ki\u015fisel Verilerin Korunmas\u0131 Kanunu (KVKK) ve yasal d\u00fczenlemeler \u00e7er\u00e7evesinde ki\u015fisel verilerinizin i\u015flenmesi, saklanmas\u0131 ve aktar\u0131lmas\u0131 konusunda veri sahibi ki\u015fileri bilgilendirmek amac\u0131yla Ki\u015fisel Verilerin \u0130\u015flenmesi Ayd\u0131nlatma Metnimizi (\"Ayd\u0131nlatma Metni\") haz\u0131rlad\u0131k. Bu sayfada, veri sorumlusu olarak bilgilerimize, ki\u015fisel verilerinizin hangi ama\u00e7la i\u015flenece\u011fine, kimlere ve hangi ama\u00e7la aktar\u0131labilece\u011fine, ki\u015fisel veri toplaman\u0131n y\u00f6ntemine ve hukuki sebebine ve KVKK'da say\u0131lan haklar\u0131n\u0131za ili\u015fkin t\u00fcm bilgilere ula\u015fabilirsiniz.<\/p><p>Gerekli g\u00f6r\u00fcld\u00fc\u011f\u00fc takdirde Bilgilendirme Metni'nde de\u011fi\u015fiklik yapabiliriz. Yap\u0131lan de\u011fi\u015fiklikler yay\u0131mland\u0131\u011f\u0131 tarihte ge\u00e7erlilik kazanacakt\u0131r.<\/p>\t\t\t\t\t\t\t\t<\/div>\n\t\t\t\t\t<\/div>\n\t\t<\/div>\n\t\t\t\t\t<\/div>\n\t\t<\/section>\n\t\t\t\t<\/div>","protected":false},"excerpt":{"rendered":"<p>As glotrade.com.tr, we take the necessary measures as the Data Controller in the stages of preserving, processing and transferring your personal data in accordance with the principle of protecting the&hellip;<\/p>","protected":false},"author":1,"featured_media":0,"parent":0,"menu_order":0,"comment_status":"closed","ping_status":"closed","template":"","meta":{"footnotes":""},"class_list":["post-21792","page","type-page","status-publish","hentry"],"yoast_head":"<!-- This site is optimized with the Yoast SEO plugin v26.1.1 - https:\/\/yoast.com\/wordpress\/plugins\/seo\/ -->\n<title>KVKK Notification - Glotrade<\/title>\n<meta name=\"robots\" content=\"index, follow, max-snippet:-1, max-image-preview:large, max-video-preview:-1\" \/>\n<link rel=\"canonical\" href=\"https:\/\/glotrade.com.tr\/tr\/kvkk-notification\/\" \/>\n<meta property=\"og:locale\" content=\"tr_TR\" \/>\n<meta property=\"og:type\" content=\"article\" \/>\n<meta property=\"og:title\" content=\"KVKK Notification - Glotrade\" \/>\n<meta property=\"og:description\" content=\"As glotrade.com.tr, we take the necessary measures as the Data Controller in the stages of preserving, processing and transferring your personal data in accordance with the principle of protecting the&hellip;\" \/>\n<meta property=\"og:url\" content=\"https:\/\/glotrade.com.tr\/tr\/kvkk-notification\/\" \/>\n<meta property=\"og:site_name\" content=\"Glotrade\" \/>\n<meta property=\"article:modified_time\" content=\"2025-10-14T08:54:19+00:00\" \/>\n<meta name=\"twitter:card\" content=\"summary_large_image\" \/>\n<meta name=\"twitter:label1\" content=\"Tahmini okuma s\u00fcresi\" \/>\n\t<meta name=\"twitter:data1\" content=\"1 dakika\" \/>\n<script type=\"application\/ld+json\" class=\"yoast-schema-graph\">{\"@context\":\"https:\/\/schema.org\",\"@graph\":[{\"@type\":\"WebPage\",\"@id\":\"https:\/\/glotrade.com.tr\/kvkk-notification\/\",\"url\":\"https:\/\/glotrade.com.tr\/kvkk-notification\/\",\"name\":\"KVKK Notification - Glotrade\",\"isPartOf\":{\"@id\":\"https:\/\/glotrade.com.tr\/#website\"},\"datePublished\":\"2025-10-14T08:53:20+00:00\",\"dateModified\":\"2025-10-14T08:54:19+00:00\",\"breadcrumb\":{\"@id\":\"https:\/\/glotrade.com.tr\/kvkk-notification\/#breadcrumb\"},\"inLanguage\":\"tr\",\"potentialAction\":[{\"@type\":\"ReadAction\",\"target\":[\"https:\/\/glotrade.com.tr\/kvkk-notification\/\"]}]},{\"@type\":\"BreadcrumbList\",\"@id\":\"https:\/\/glotrade.com.tr\/kvkk-notification\/#breadcrumb\",\"itemListElement\":[{\"@type\":\"ListItem\",\"position\":1,\"name\":\"Anasayfa\",\"item\":\"https:\/\/glotrade.com.tr\/\"},{\"@type\":\"ListItem\",\"position\":2,\"name\":\"KVKK Notification\"}]},{\"@type\":\"WebSite\",\"@id\":\"https:\/\/glotrade.com.tr\/#website\",\"url\":\"https:\/\/glotrade.com.tr\/\",\"name\":\"Glotrade\",\"description\":\"International Trade Partner for Europe, Middle East &amp; Asia\",\"publisher\":{\"@id\":\"https:\/\/glotrade.com.tr\/#organization\"},\"potentialAction\":[{\"@type\":\"SearchAction\",\"target\":{\"@type\":\"EntryPoint\",\"urlTemplate\":\"https:\/\/glotrade.com.tr\/?s={search_term_string}\"},\"query-input\":{\"@type\":\"PropertyValueSpecification\",\"valueRequired\":true,\"valueName\":\"search_term_string\"}}],\"inLanguage\":\"tr\"},{\"@type\":\"Organization\",\"@id\":\"https:\/\/glotrade.com.tr\/#organization\",\"name\":\"Glotrade\",\"url\":\"https:\/\/glotrade.com.tr\/\",\"logo\":{\"@type\":\"ImageObject\",\"inLanguage\":\"tr\",\"@id\":\"https:\/\/glotrade.com.tr\/#\/schema\/logo\/image\/\",\"url\":\"https:\/\/glotrade.com.tr\/wp-content\/uploads\/2025\/10\/glotrade-logo-1.png\",\"contentUrl\":\"https:\/\/glotrade.com.tr\/wp-content\/uploads\/2025\/10\/glotrade-logo-1.png\",\"width\":912,\"height\":728,\"caption\":\"Glotrade\"},\"image\":{\"@id\":\"https:\/\/glotrade.com.tr\/#\/schema\/logo\/image\/\"}}]}<\/script>\n<!-- \/ Yoast SEO plugin. -->","yoast_head_json":{"title":"KVKK Notification - Glotrade","robots":{"index":"index","follow":"follow","max-snippet":"max-snippet:-1","max-image-preview":"max-image-preview:large","max-video-preview":"max-video-preview:-1"},"canonical":"https:\/\/glotrade.com.tr\/tr\/kvkk-notification\/","og_locale":"tr_TR","og_type":"article","og_title":"KVKK Notification - Glotrade","og_description":"As glotrade.com.tr, we take the necessary measures as the Data Controller in the stages of preserving, processing and transferring your personal data in accordance with the principle of protecting the&hellip;","og_url":"https:\/\/glotrade.com.tr\/tr\/kvkk-notification\/","og_site_name":"Glotrade","article_modified_time":"2025-10-14T08:54:19+00:00","twitter_card":"summary_large_image","twitter_misc":{"Tahmini okuma s\u00fcresi":"1 dakika"},"schema":{"@context":"https:\/\/schema.org","@graph":[{"@type":"WebPage","@id":"https:\/\/glotrade.com.tr\/kvkk-notification\/","url":"https:\/\/glotrade.com.tr\/kvkk-notification\/","name":"KVKK Notification - Glotrade","isPartOf":{"@id":"https:\/\/glotrade.com.tr\/#website"},"datePublished":"2025-10-14T08:53:20+00:00","dateModified":"2025-10-14T08:54:19+00:00","breadcrumb":{"@id":"https:\/\/glotrade.com.tr\/kvkk-notification\/#breadcrumb"},"inLanguage":"tr","potentialAction":[{"@type":"ReadAction","target":["https:\/\/glotrade.com.tr\/kvkk-notification\/"]}]},{"@type":"BreadcrumbList","@id":"https:\/\/glotrade.com.tr\/kvkk-notification\/#breadcrumb","itemListElement":[{"@type":"ListItem","position":1,"name":"Anasayfa","item":"https:\/\/glotrade.com.tr\/"},{"@type":"ListItem","position":2,"name":"KVKK Notification"}]},{"@type":"WebSite","@id":"https:\/\/glotrade.com.tr\/#website","url":"https:\/\/glotrade.com.tr\/","name":"Glotrade","description":"International Trade Partner for Europe, Middle East &amp; Asia","publisher":{"@id":"https:\/\/glotrade.com.tr\/#organization"},"potentialAction":[{"@type":"SearchAction","target":{"@type":"EntryPoint","urlTemplate":"https:\/\/glotrade.com.tr\/?s={search_term_string}"},"query-input":{"@type":"PropertyValueSpecification","valueRequired":true,"valueName":"search_term_string"}}],"inLanguage":"tr"},{"@type":"Organization","@id":"https:\/\/glotrade.com.tr\/#organization","name":"Glotrade","url":"https:\/\/glotrade.com.tr\/","logo":{"@type":"ImageObject","inLanguage":"tr","@id":"https:\/\/glotrade.com.tr\/#\/schema\/logo\/image\/","url":"https:\/\/glotrade.com.tr\/wp-content\/uploads\/2025\/10\/glotrade-logo-1.png","contentUrl":"https:\/\/glotrade.com.tr\/wp-content\/uploads\/2025\/10\/glotrade-logo-1.png","width":912,"height":728,"caption":"Glotrade"},"image":{"@id":"https:\/\/glotrade.com.tr\/#\/schema\/logo\/image\/"}}]}},"_links":{"self":[{"href":"https:\/\/glotrade.com.tr\/tr\/wp-json\/wp\/v2\/pages\/21792","targetHints":{"allow":["GET"]}}],"collection":[{"href":"https:\/\/glotrade.com.tr\/tr\/wp-json\/wp\/v2\/pages"}],"about":[{"href":"https:\/\/glotrade.com.tr\/tr\/wp-json\/wp\/v2\/types\/page"}],"author":[{"embeddable":true,"href":"https:\/\/glotrade.com.tr\/tr\/wp-json\/wp\/v2\/users\/1"}],"replies":[{"embeddable":true,"href":"https:\/\/glotrade.com.tr\/tr\/wp-json\/wp\/v2\/comments?post=21792"}],"version-history":[{"count":4,"href":"https:\/\/glotrade.com.tr\/tr\/wp-json\/wp\/v2\/pages\/21792\/revisions"}],"predecessor-version":[{"id":21798,"href":"https:\/\/glotrade.com.tr\/tr\/wp-json\/wp\/v2\/pages\/21792\/revisions\/21798"}],"wp:attachment":[{"href":"https:\/\/glotrade.com.tr\/tr\/wp-json\/wp\/v2\/media?parent=21792"}],"curies":[{"name":"wp","href":"https:\/\/api.w.org\/{rel}","templated":true}]}}