{"id":12954,"date":"2020-08-27T08:23:10","date_gmt":"2020-08-27T08:23:10","guid":{"rendered":"https:\/\/glotrade.com.tr\/?page_id=12954"},"modified":"2025-10-14T11:54:55","modified_gmt":"2025-10-14T08:54:55","slug":"privacy-policy","status":"publish","type":"page","link":"https:\/\/glotrade.com.tr\/tr\/privacy-policy\/","title":{"rendered":"Gizlilik Politikas\u0131"},"content":{"rendered":"<div data-elementor-type=\"wp-page\" data-elementor-id=\"12954\" class=\"elementor elementor-12954\">\n\t\t\t\t\t\t<section class=\"elementor-section elementor-top-section elementor-element elementor-element-2b1184b0 elementor-section-boxed elementor-section-height-default elementor-section-height-default sc_fly_static\" data-id=\"2b1184b0\" data-element_type=\"section\" data-settings=\"{&quot;background_background&quot;:&quot;classic&quot;}\">\n\t\t\t\t\t\t<div class=\"elementor-container elementor-column-gap-extended\">\n\t\t\t\t\t<div class=\"elementor-column elementor-col-100 elementor-top-column elementor-element elementor-element-153e1c19 sc_content_align_inherit sc_layouts_column_icons_position_left sc_fly_static\" data-id=\"153e1c19\" data-element_type=\"column\">\n\t\t\t<div class=\"elementor-widget-wrap elementor-element-populated\">\n\t\t\t\t\t\t<div class=\"elementor-element elementor-element-54db29de sc_fly_static elementor-widget elementor-widget-text-editor\" data-id=\"54db29de\" data-element_type=\"widget\" data-widget_type=\"text-editor.default\">\n\t\t\t\t\t\t\t\t\t<p>Sitemize \u00fcye olmak i\u00e7in girdi\u011finiz hi\u00e7bir bilgi \u00fc\u00e7\u00fcnc\u00fc taraf \u015firket veya ki\u015filerle payla\u015f\u0131lmayacakt\u0131r. Sitemizin ileti\u015fim formlar\u0131 arac\u0131l\u0131\u011f\u0131yla girdi\u011finiz hi\u00e7bir bilgi \u00fc\u00e7\u00fcnc\u00fc taraf \u015firket veya ki\u015filerle payla\u015f\u0131lmayacakt\u0131r.<\/p><p>Web sitemiz, zaman zaman m\u00fc\u015fterilerine ve \u00fcyelerine kampanya bilgileri, yeni \u00fcr\u00fcnler hakk\u0131nda bilgiler ve promosyon bilgileri g\u00f6nderebilir. \u00dcyelerimiz, \u00fcye olurken bu t\u00fcr bilgileri al\u0131p almama konusunda tercihte bulunabilir ve bu tercihi, giri\u015f yapt\u0131ktan sonra hesap bilgileri b\u00f6l\u00fcm\u00fcnden de\u011fi\u015ftirebilirler.<\/p><p>\u00dcye olurken verdi\u011finiz t\u00fcm bilgilere yaln\u0131zca siz eri\u015febilir ve bunlar\u0131 de\u011fi\u015ftirebilirsiniz. \u00dcye giri\u015f bilgilerinizi g\u00fcvenli bir \u015fekilde saklarsan\u0131z, ba\u015fkalar\u0131n\u0131n sizinle ilgili bilgilere eri\u015fmesi veya bunlar\u0131 de\u011fi\u015ftirmesi m\u00fcmk\u00fcn olmaz.\u00a0<\/p><p>Al\u0131c\u0131, glotrade.com.tr internet sitesi \u00fczerinden kendisi veya \u00fc\u00e7\u00fcnc\u00fc ki\u015filer taraf\u0131ndan yap\u0131lan herhangi bir kredi kart\u0131 i\u015flemi nedeniyle do\u011fabilecek her t\u00fcrl\u00fc usuls\u00fcz kullan\u0131m, itiraz, maddi zarar ve cezalardan bizzat sorumludur.<\/p>\t\t\t\t\t\t\t\t<\/div>\n\t\t\t\t\t<\/div>\n\t\t<\/div>\n\t\t\t\t\t<\/div>\n\t\t<\/section>\n\t\t\t\t<\/div>","protected":false},"excerpt":{"rendered":"<p>All information you enter to become a member of our site will not be shared with 3rd party companies or individuals. All information you enter through our site&#8217;s contact forms&hellip;<\/p>","protected":false},"author":3,"featured_media":0,"parent":0,"menu_order":0,"comment_status":"closed","ping_status":"closed","template":"","meta":{"footnotes":""},"class_list":["post-12954","page","type-page","status-publish","hentry"],"yoast_head":"<!-- This site is optimized with the Yoast SEO plugin v26.1.1 - https:\/\/yoast.com\/wordpress\/plugins\/seo\/ -->\n<title>Privacy Policy - Glotrade<\/title>\n<meta name=\"robots\" content=\"index, follow, max-snippet:-1, max-image-preview:large, max-video-preview:-1\" \/>\n<link rel=\"canonical\" href=\"https:\/\/glotrade.com.tr\/tr\/privacy-policy\/\" \/>\n<meta property=\"og:locale\" content=\"tr_TR\" \/>\n<meta property=\"og:type\" content=\"article\" \/>\n<meta property=\"og:title\" content=\"Privacy Policy - Glotrade\" \/>\n<meta property=\"og:description\" content=\"All information you enter to become a member of our site will not be shared with 3rd party companies or individuals. All information you enter through our site&#8217;s contact forms&hellip;\" \/>\n<meta property=\"og:url\" content=\"https:\/\/glotrade.com.tr\/tr\/privacy-policy\/\" \/>\n<meta property=\"og:site_name\" content=\"Glotrade\" \/>\n<meta property=\"article:modified_time\" content=\"2025-10-14T08:54:55+00:00\" \/>\n<meta name=\"twitter:card\" content=\"summary_large_image\" \/>\n<meta name=\"twitter:label1\" content=\"Tahmini okuma s\u00fcresi\" \/>\n\t<meta name=\"twitter:data1\" content=\"1 dakika\" \/>\n<script type=\"application\/ld+json\" class=\"yoast-schema-graph\">{\"@context\":\"https:\/\/schema.org\",\"@graph\":[{\"@type\":\"WebPage\",\"@id\":\"https:\/\/glotrade.com.tr\/privacy-policy\/\",\"url\":\"https:\/\/glotrade.com.tr\/privacy-policy\/\",\"name\":\"Privacy Policy - Glotrade\",\"isPartOf\":{\"@id\":\"https:\/\/glotrade.com.tr\/#website\"},\"datePublished\":\"2020-08-27T08:23:10+00:00\",\"dateModified\":\"2025-10-14T08:54:55+00:00\",\"breadcrumb\":{\"@id\":\"https:\/\/glotrade.com.tr\/privacy-policy\/#breadcrumb\"},\"inLanguage\":\"tr\",\"potentialAction\":[{\"@type\":\"ReadAction\",\"target\":[\"https:\/\/glotrade.com.tr\/privacy-policy\/\"]}]},{\"@type\":\"BreadcrumbList\",\"@id\":\"https:\/\/glotrade.com.tr\/privacy-policy\/#breadcrumb\",\"itemListElement\":[{\"@type\":\"ListItem\",\"position\":1,\"name\":\"Anasayfa\",\"item\":\"https:\/\/glotrade.com.tr\/\"},{\"@type\":\"ListItem\",\"position\":2,\"name\":\"Privacy Policy\"}]},{\"@type\":\"WebSite\",\"@id\":\"https:\/\/glotrade.com.tr\/#website\",\"url\":\"https:\/\/glotrade.com.tr\/\",\"name\":\"Glotrade\",\"description\":\"International Trade Partner for Europe, Middle East &amp; Asia\",\"publisher\":{\"@id\":\"https:\/\/glotrade.com.tr\/#organization\"},\"potentialAction\":[{\"@type\":\"SearchAction\",\"target\":{\"@type\":\"EntryPoint\",\"urlTemplate\":\"https:\/\/glotrade.com.tr\/?s={search_term_string}\"},\"query-input\":{\"@type\":\"PropertyValueSpecification\",\"valueRequired\":true,\"valueName\":\"search_term_string\"}}],\"inLanguage\":\"tr\"},{\"@type\":\"Organization\",\"@id\":\"https:\/\/glotrade.com.tr\/#organization\",\"name\":\"Glotrade\",\"url\":\"https:\/\/glotrade.com.tr\/\",\"logo\":{\"@type\":\"ImageObject\",\"inLanguage\":\"tr\",\"@id\":\"https:\/\/glotrade.com.tr\/#\/schema\/logo\/image\/\",\"url\":\"https:\/\/glotrade.com.tr\/wp-content\/uploads\/2025\/10\/glotrade-logo-1.png\",\"contentUrl\":\"https:\/\/glotrade.com.tr\/wp-content\/uploads\/2025\/10\/glotrade-logo-1.png\",\"width\":912,\"height\":728,\"caption\":\"Glotrade\"},\"image\":{\"@id\":\"https:\/\/glotrade.com.tr\/#\/schema\/logo\/image\/\"}}]}<\/script>\n<!-- \/ Yoast SEO plugin. -->","yoast_head_json":{"title":"Privacy Policy - Glotrade","robots":{"index":"index","follow":"follow","max-snippet":"max-snippet:-1","max-image-preview":"max-image-preview:large","max-video-preview":"max-video-preview:-1"},"canonical":"https:\/\/glotrade.com.tr\/tr\/privacy-policy\/","og_locale":"tr_TR","og_type":"article","og_title":"Privacy Policy - Glotrade","og_description":"All information you enter to become a member of our site will not be shared with 3rd party companies or individuals. All information you enter through our site&#8217;s contact forms&hellip;","og_url":"https:\/\/glotrade.com.tr\/tr\/privacy-policy\/","og_site_name":"Glotrade","article_modified_time":"2025-10-14T08:54:55+00:00","twitter_card":"summary_large_image","twitter_misc":{"Tahmini okuma s\u00fcresi":"1 dakika"},"schema":{"@context":"https:\/\/schema.org","@graph":[{"@type":"WebPage","@id":"https:\/\/glotrade.com.tr\/privacy-policy\/","url":"https:\/\/glotrade.com.tr\/privacy-policy\/","name":"Privacy Policy - Glotrade","isPartOf":{"@id":"https:\/\/glotrade.com.tr\/#website"},"datePublished":"2020-08-27T08:23:10+00:00","dateModified":"2025-10-14T08:54:55+00:00","breadcrumb":{"@id":"https:\/\/glotrade.com.tr\/privacy-policy\/#breadcrumb"},"inLanguage":"tr","potentialAction":[{"@type":"ReadAction","target":["https:\/\/glotrade.com.tr\/privacy-policy\/"]}]},{"@type":"BreadcrumbList","@id":"https:\/\/glotrade.com.tr\/privacy-policy\/#breadcrumb","itemListElement":[{"@type":"ListItem","position":1,"name":"Anasayfa","item":"https:\/\/glotrade.com.tr\/"},{"@type":"ListItem","position":2,"name":"Privacy Policy"}]},{"@type":"WebSite","@id":"https:\/\/glotrade.com.tr\/#website","url":"https:\/\/glotrade.com.tr\/","name":"Glotrade","description":"International Trade Partner for Europe, Middle East &amp; Asia","publisher":{"@id":"https:\/\/glotrade.com.tr\/#organization"},"potentialAction":[{"@type":"SearchAction","target":{"@type":"EntryPoint","urlTemplate":"https:\/\/glotrade.com.tr\/?s={search_term_string}"},"query-input":{"@type":"PropertyValueSpecification","valueRequired":true,"valueName":"search_term_string"}}],"inLanguage":"tr"},{"@type":"Organization","@id":"https:\/\/glotrade.com.tr\/#organization","name":"Glotrade","url":"https:\/\/glotrade.com.tr\/","logo":{"@type":"ImageObject","inLanguage":"tr","@id":"https:\/\/glotrade.com.tr\/#\/schema\/logo\/image\/","url":"https:\/\/glotrade.com.tr\/wp-content\/uploads\/2025\/10\/glotrade-logo-1.png","contentUrl":"https:\/\/glotrade.com.tr\/wp-content\/uploads\/2025\/10\/glotrade-logo-1.png","width":912,"height":728,"caption":"Glotrade"},"image":{"@id":"https:\/\/glotrade.com.tr\/#\/schema\/logo\/image\/"}}]}},"_links":{"self":[{"href":"https:\/\/glotrade.com.tr\/tr\/wp-json\/wp\/v2\/pages\/12954","targetHints":{"allow":["GET"]}}],"collection":[{"href":"https:\/\/glotrade.com.tr\/tr\/wp-json\/wp\/v2\/pages"}],"about":[{"href":"https:\/\/glotrade.com.tr\/tr\/wp-json\/wp\/v2\/types\/page"}],"author":[{"embeddable":true,"href":"https:\/\/glotrade.com.tr\/tr\/wp-json\/wp\/v2\/users\/3"}],"replies":[{"embeddable":true,"href":"https:\/\/glotrade.com.tr\/tr\/wp-json\/wp\/v2\/comments?post=12954"}],"version-history":[{"count":7,"href":"https:\/\/glotrade.com.tr\/tr\/wp-json\/wp\/v2\/pages\/12954\/revisions"}],"predecessor-version":[{"id":21804,"href":"https:\/\/glotrade.com.tr\/tr\/wp-json\/wp\/v2\/pages\/12954\/revisions\/21804"}],"wp:attachment":[{"href":"https:\/\/glotrade.com.tr\/tr\/wp-json\/wp\/v2\/media?parent=12954"}],"curies":[{"name":"wp","href":"https:\/\/api.w.org\/{rel}","templated":true}]}}